{"id":6025,"date":"2023-07-24T15:22:50","date_gmt":"2023-07-24T13:22:50","guid":{"rendered":"http:\/\/oasis.bio\/?page_id=6025"},"modified":"2025-02-17T08:48:56","modified_gmt":"2025-02-17T07:48:56","slug":"compostage","status":"publish","type":"page","link":"https:\/\/oasis.bio\/index.php\/compostage\/","title":{"rendered":"COMPOSTAGE"},"content":{"rendered":"\t\t<div data-elementor-type=\"wp-page\" data-elementor-id=\"6025\" class=\"elementor elementor-6025\">\n\t\t\t\t\t\t<section class=\"elementor-section elementor-top-section elementor-element elementor-element-b5f3db7 elementor-section-height-min-height elementor-section-boxed elementor-section-height-default elementor-section-items-middle\" data-id=\"b5f3db7\" data-element_type=\"section\" data-e-type=\"section\" data-settings=\"{&quot;background_background&quot;:&quot;classic&quot;}\">\n\t\t\t\t\t\t\t<div class=\"elementor-background-overlay\"><\/div>\n\t\t\t\t\t\t\t<div class=\"elementor-container elementor-column-gap-no\">\n\t\t\t\t\t<div class=\"elementor-column elementor-col-100 elementor-top-column elementor-element elementor-element-bade3af\" data-id=\"bade3af\" data-element_type=\"column\" data-e-type=\"column\">\n\t\t\t<div class=\"elementor-widget-wrap elementor-element-populated\">\n\t\t\t\t\t\t<div class=\"elementor-element elementor-element-d54ac3b elementor-widget-mobile__width-initial elementor-widget elementor-widget-heading\" data-id=\"d54ac3b\" data-element_type=\"widget\" data-e-type=\"widget\" data-widget_type=\"heading.default\">\n\t\t\t\t<div class=\"elementor-widget-container\">\n\t\t\t\t\t<h1 class=\"elementor-heading-title elementor-size-medium\">COMPOSTAGE<\/h1>\t\t\t\t<\/div>\n\t\t\t\t<\/div>\n\t\t\t\t<div class=\"elementor-element elementor-element-bc05d1b elementor-widget-mobile__width-initial elementor-widget elementor-widget-text-editor\" data-id=\"bc05d1b\" data-element_type=\"widget\" data-e-type=\"widget\" data-widget_type=\"text-editor.default\">\n\t\t\t\t<div class=\"elementor-widget-container\">\n\t\t\t\t\t\t\t\t\t<p>&nbsp; &nbsp; &nbsp;Ensemble revalorisons nos&nbsp; &nbsp; &nbsp; &nbsp; &nbsp; &nbsp; &nbsp; &nbsp; &nbsp; &nbsp; &nbsp; &nbsp; &nbsp; &nbsp; &nbsp; &nbsp; &nbsp; &nbsp; &nbsp; &nbsp; &nbsp; &nbsp; &nbsp; &nbsp; &nbsp; &nbsp; &nbsp; &nbsp; &nbsp; &nbsp; &nbsp; biod\u00e9chets !<\/p>\t\t\t\t\t\t\t\t<\/div>\n\t\t\t\t<\/div>\n\t\t\t\t\t<\/div>\n\t\t<\/div>\n\t\t\t\t\t<\/div>\n\t\t<\/section>\n\t\t\t\t<section class=\"elementor-section elementor-top-section elementor-element elementor-element-26e4d5e elementor-section-boxed elementor-section-height-default elementor-section-height-default\" data-id=\"26e4d5e\" data-element_type=\"section\" data-e-type=\"section\">\n\t\t\t\t\t\t<div class=\"elementor-container elementor-column-gap-default\">\n\t\t\t\t\t<div class=\"elementor-column elementor-col-100 elementor-top-column elementor-element elementor-element-e367fec\" data-id=\"e367fec\" data-element_type=\"column\" data-e-type=\"column\">\n\t\t\t<div class=\"elementor-widget-wrap elementor-element-populated\">\n\t\t\t\t\t\t<div class=\"elementor-element elementor-element-8888e29 elementor-widget__width-initial elementor-widget elementor-widget-heading\" data-id=\"8888e29\" data-element_type=\"widget\" data-e-type=\"widget\" data-widget_type=\"heading.default\">\n\t\t\t\t<div class=\"elementor-widget-container\">\n\t\t\t\t\t<h2 class=\"elementor-heading-title elementor-size-default\">Suivi et entretien des points de compostages partag\u00e9s aux alentours                                  de Saint-Just-Saint Rambert<\/h2>\t\t\t\t<\/div>\n\t\t\t\t<\/div>\n\t\t\t\t<div class=\"elementor-element elementor-element-aef4d98 elementor-widget-divider--view-line elementor-widget elementor-widget-divider\" data-id=\"aef4d98\" data-element_type=\"widget\" data-e-type=\"widget\" data-widget_type=\"divider.default\">\n\t\t\t\t<div class=\"elementor-widget-container\">\n\t\t\t\t\t\t\t<div class=\"elementor-divider\">\n\t\t\t<span class=\"elementor-divider-separator\">\n\t\t\t\t\t\t<\/span>\n\t\t<\/div>\n\t\t\t\t\t\t<\/div>\n\t\t\t\t<\/div>\n\t\t\t\t<section class=\"elementor-section elementor-inner-section elementor-element elementor-element-a9b9291 elementor-section-boxed elementor-section-height-default elementor-section-height-default\" data-id=\"a9b9291\" data-element_type=\"section\" data-e-type=\"section\">\n\t\t\t\t\t\t<div class=\"elementor-container elementor-column-gap-no\">\n\t\t\t\t\t<div class=\"elementor-column elementor-col-50 elementor-inner-column elementor-element elementor-element-b3a4616\" data-id=\"b3a4616\" data-element_type=\"column\" data-e-type=\"column\">\n\t\t\t<div class=\"elementor-widget-wrap elementor-element-populated\">\n\t\t\t\t\t\t<div class=\"elementor-element elementor-element-91a6cf1 elementor-widget__width-initial elementor-widget elementor-widget-heading\" data-id=\"91a6cf1\" data-element_type=\"widget\" data-e-type=\"widget\" data-widget_type=\"heading.default\">\n\t\t\t\t<div class=\"elementor-widget-container\">\n\t\t\t\t\t<h3 class=\"elementor-heading-title elementor-size-default\">Suivi et entretien des points compostages partag\u00e9s<\/h3>\t\t\t\t<\/div>\n\t\t\t\t<\/div>\n\t\t\t\t<div class=\"elementor-element elementor-element-1537686 elementor-widget__width-initial elementor-widget elementor-widget-text-editor\" data-id=\"1537686\" data-element_type=\"widget\" data-e-type=\"widget\" data-widget_type=\"text-editor.default\">\n\t\t\t\t<div class=\"elementor-widget-container\">\n\t\t\t\t\t\t\t\t\t<p>\u00a0 \u00a0 \u00a0 \u00a0 \u00a0 \u00a0 \u00a0 \u00a0 \u00a0 \u00a0 \u00a0 \u00a0 \u00a0 \u00a0 \u00a0 \u00a0 \u00a0 \u00a0 \u00a0 \u00a0 \u00a0 \u00a0 \u00a0 \u00a0 \u00a0 \u00a0 \u00a0 \u00a0 \u00a0 \u00a0 \u00a0 \u00a0 \u00a0 \u00a0 \u00a0 \u00a0 \u00a0 \u00a0OASIS JARDIN DE COCAGNE assure le suivi et l&rsquo;entretien des sites de compostages partag\u00e9s sur les communes de :<\/p><ul><li>Saint-Just-Saint-Rambert<\/li><li>Bonson<\/li><li>Saint-Cyprien<\/li><li>Veauchette<\/li><li>Chambles.<\/li><\/ul><p>La sensibilisation \u00e0 la gestion des d\u00e9chets verts par le broyage et le paillage (sud de Loire Forez Agglom\u00e9ration ) est assur\u00e9e par l&rsquo;entreprise <a href=\"https:\/\/compostond.fr\/\">Compost&rsquo;ond<\/a> avec laquelle OASIS a remport\u00e9 l&rsquo;appel d&rsquo;offre de Loire Forez Agglom\u00e9ration.<\/p>\t\t\t\t\t\t\t\t<\/div>\n\t\t\t\t<\/div>\n\t\t\t\t\t<\/div>\n\t\t<\/div>\n\t\t\t\t<div class=\"elementor-column elementor-col-50 elementor-inner-column elementor-element elementor-element-3d3578b\" data-id=\"3d3578b\" data-element_type=\"column\" data-e-type=\"column\">\n\t\t\t<div class=\"elementor-widget-wrap elementor-element-populated\">\n\t\t\t\t\t\t<div class=\"elementor-element elementor-element-1d4f384 elementor-widget__width-initial elementor-widget elementor-widget-image\" data-id=\"1d4f384\" data-element_type=\"widget\" data-e-type=\"widget\" data-widget_type=\"image.default\">\n\t\t\t\t<div class=\"elementor-widget-container\">\n\t\t\t\t\t\t\t\t\t\t\t\t\t\t\t<img fetchpriority=\"high\" decoding=\"async\" width=\"225\" height=\"300\" src=\"https:\/\/i0.wp.com\/oasis.bio\/wp-content\/uploads\/2025\/01\/IMG_3078-scaled.jpg?fit=225%2C300&amp;ssl=1\" class=\"attachment-medium size-medium wp-image-11007\" alt=\"\" srcset=\"https:\/\/i0.wp.com\/oasis.bio\/wp-content\/uploads\/2025\/01\/IMG_3078-scaled.jpg?w=1920&amp;ssl=1 1920w, https:\/\/i0.wp.com\/oasis.bio\/wp-content\/uploads\/2025\/01\/IMG_3078-scaled.jpg?resize=225%2C300&amp;ssl=1 225w, https:\/\/i0.wp.com\/oasis.bio\/wp-content\/uploads\/2025\/01\/IMG_3078-scaled.jpg?resize=768%2C1024&amp;ssl=1 768w, https:\/\/i0.wp.com\/oasis.bio\/wp-content\/uploads\/2025\/01\/IMG_3078-scaled.jpg?resize=1152%2C1536&amp;ssl=1 1152w, https:\/\/i0.wp.com\/oasis.bio\/wp-content\/uploads\/2025\/01\/IMG_3078-scaled.jpg?resize=1536%2C2048&amp;ssl=1 1536w\" sizes=\"(max-width: 225px) 100vw, 225px\" \/>\t\t\t\t\t\t\t\t\t\t\t\t\t\t\t<\/div>\n\t\t\t\t<\/div>\n\t\t\t\t\t<\/div>\n\t\t<\/div>\n\t\t\t\t\t<\/div>\n\t\t<\/section>\n\t\t\t\t<div class=\"elementor-element elementor-element-6b2b2c5 elementor-widget elementor-widget-video\" data-id=\"6b2b2c5\" data-element_type=\"widget\" data-e-type=\"widget\" data-settings=\"{&quot;youtube_url&quot;:&quot;https:\\\/\\\/www.youtube.com\\\/watch?v=KeAuQPAHQFQ&quot;,&quot;video_type&quot;:&quot;youtube&quot;,&quot;controls&quot;:&quot;yes&quot;}\" data-widget_type=\"video.default\">\n\t\t\t\t<div class=\"elementor-widget-container\">\n\t\t\t\t\t\t\t<div class=\"elementor-wrapper elementor-open-inline\">\n\t\t\t<div class=\"elementor-video\"><\/div>\t\t<\/div>\n\t\t\t\t\t\t<\/div>\n\t\t\t\t<\/div>\n\t\t\t\t\t<\/div>\n\t\t<\/div>\n\t\t\t\t\t<\/div>\n\t\t<\/section>\n\t\t\t\t<\/div>\n\t\t","protected":false},"excerpt":{"rendered":"<p>COMPOSTAGE &nbsp; &nbsp; &nbsp;Ensemble revalorisons nos&nbsp; &nbsp; &nbsp; &nbsp; &nbsp; &nbsp; &nbsp; &nbsp; &nbsp; &nbsp; &nbsp; &nbsp; &nbsp; &nbsp; &nbsp; &nbsp; &nbsp; &nbsp; &nbsp; &nbsp; &nbsp; &nbsp; &nbsp; &nbsp; &nbsp; &nbsp; &nbsp; &nbsp; &nbsp; &nbsp; &nbsp; biod\u00e9chets ! Suivi et entretien des points de compostages partag\u00e9s aux alentours de Saint-Just-Saint Rambert Suivi et entretien des [&hellip;]<\/p>\n","protected":false},"author":4,"featured_media":0,"parent":0,"menu_order":0,"comment_status":"closed","ping_status":"closed","template":"","meta":{"site-sidebar-layout":"no-sidebar","site-content-layout":"page-builder","ast-site-content-layout":"default","site-content-style":"default","site-sidebar-style":"default","ast-global-header-display":"","ast-banner-title-visibility":"","ast-main-header-display":"","ast-hfb-above-header-display":"","ast-hfb-below-header-display":"","ast-hfb-mobile-header-display":"","site-post-title":"","ast-breadcrumbs-content":"","ast-featured-img":"disabled","footer-sml-layout":"","ast-disable-related-posts":"","theme-transparent-header-meta":"","adv-header-id-meta":"","stick-header-meta":"","header-above-stick-meta":"","header-main-stick-meta":"","header-below-stick-meta":"","astra-migrate-meta-layouts":"default","ast-page-background-enabled":"default","ast-page-background-meta":{"desktop":{"background-color":"var(--ast-global-color-4)","background-image":"","background-repeat":"repeat","background-position":"center center","background-size":"auto","background-attachment":"scroll","background-type":"","background-media":"","overlay-type":"","overlay-color":"","overlay-opacity":"","overlay-gradient":""},"tablet":{"background-color":"","background-image":"","background-repeat":"repeat","background-position":"center center","background-size":"auto","background-attachment":"scroll","background-type":"","background-media":"","overlay-type":"","overlay-color":"","overlay-opacity":"","overlay-gradient":""},"mobile":{"background-color":"","background-image":"","background-repeat":"repeat","background-position":"center center","background-size":"auto","background-attachment":"scroll","background-type":"","background-media":"","overlay-type":"","overlay-color":"","overlay-opacity":"","overlay-gradient":""}},"ast-content-background-meta":{"desktop":{"background-color":"var(--ast-global-color-5)","background-image":"","background-repeat":"repeat","background-position":"center center","background-size":"auto","background-attachment":"scroll","background-type":"","background-media":"","overlay-type":"","overlay-color":"","overlay-opacity":"","overlay-gradient":""},"tablet":{"background-color":"var(--ast-global-color-5)","background-image":"","background-repeat":"repeat","background-position":"center center","background-size":"auto","background-attachment":"scroll","background-type":"","background-media":"","overlay-type":"","overlay-color":"","overlay-opacity":"","overlay-gradient":""},"mobile":{"background-color":"var(--ast-global-color-5)","background-image":"","background-repeat":"repeat","background-position":"center center","background-size":"auto","background-attachment":"scroll","background-type":"","background-media":"","overlay-type":"","overlay-color":"","overlay-opacity":"","overlay-gradient":""}},"footnotes":""},"folder":[],"class_list":["post-6025","page","type-page","status-publish","hentry"],"yoast_head":"<!-- This site is optimized with the Yoast SEO plugin v27.3 - https:\/\/yoast.com\/product\/yoast-seo-wordpress\/ -->\n<title>COMPOSTAGE - Oasis Jardin de Cocagne<\/title>\n<meta name=\"robots\" content=\"index, follow, max-snippet:-1, max-image-preview:large, max-video-preview:-1\" \/>\n<link rel=\"canonical\" href=\"https:\/\/oasis.bio\/index.php\/compostage\/\" \/>\n<meta property=\"og:locale\" content=\"fr_FR\" \/>\n<meta property=\"og:type\" content=\"article\" \/>\n<meta property=\"og:title\" content=\"COMPOSTAGE - Oasis Jardin de Cocagne\" \/>\n<meta property=\"og:description\" content=\"COMPOSTAGE &nbsp; &nbsp; &nbsp;Ensemble revalorisons nos&nbsp; &nbsp; &nbsp; &nbsp; &nbsp; &nbsp; &nbsp; &nbsp; &nbsp; &nbsp; &nbsp; &nbsp; &nbsp; &nbsp; &nbsp; &nbsp; &nbsp; &nbsp; &nbsp; &nbsp; &nbsp; &nbsp; &nbsp; &nbsp; &nbsp; &nbsp; &nbsp; &nbsp; &nbsp; &nbsp; &nbsp; biod\u00e9chets ! Suivi et entretien des points de compostages partag\u00e9s aux alentours de Saint-Just-Saint Rambert Suivi et entretien des [&hellip;]\" \/>\n<meta property=\"og:url\" content=\"https:\/\/oasis.bio\/index.php\/compostage\/\" \/>\n<meta property=\"og:site_name\" content=\"Oasis Jardin de Cocagne\" \/>\n<meta property=\"article:publisher\" content=\"https:\/\/www.facebook.com\/oasis.jardindecocagne\/?locale=fr_FR\" \/>\n<meta property=\"article:modified_time\" content=\"2025-02-17T07:48:56+00:00\" \/>\n<meta property=\"og:image\" content=\"https:\/\/oasis.bio\/wp-content\/uploads\/2025\/01\/IMG_3078-225x300.jpg\" \/>\n<meta name=\"twitter:card\" content=\"summary_large_image\" \/>\n<meta name=\"twitter:label1\" content=\"Dur\u00e9e de lecture estim\u00e9e\" \/>\n\t<meta name=\"twitter:data1\" content=\"1 minute\" \/>\n<script type=\"application\/ld+json\" class=\"yoast-schema-graph\">{\"@context\":\"https:\\\/\\\/schema.org\",\"@graph\":[{\"@type\":\"WebPage\",\"@id\":\"https:\\\/\\\/oasis.bio\\\/index.php\\\/compostage\\\/\",\"url\":\"https:\\\/\\\/oasis.bio\\\/index.php\\\/compostage\\\/\",\"name\":\"COMPOSTAGE - Oasis Jardin de Cocagne\",\"isPartOf\":{\"@id\":\"https:\\\/\\\/oasis.bio\\\/#website\"},\"primaryImageOfPage\":{\"@id\":\"https:\\\/\\\/oasis.bio\\\/index.php\\\/compostage\\\/#primaryimage\"},\"image\":{\"@id\":\"https:\\\/\\\/oasis.bio\\\/index.php\\\/compostage\\\/#primaryimage\"},\"thumbnailUrl\":\"https:\\\/\\\/oasis.bio\\\/wp-content\\\/uploads\\\/2025\\\/01\\\/IMG_3078-225x300.jpg\",\"datePublished\":\"2023-07-24T13:22:50+00:00\",\"dateModified\":\"2025-02-17T07:48:56+00:00\",\"breadcrumb\":{\"@id\":\"https:\\\/\\\/oasis.bio\\\/index.php\\\/compostage\\\/#breadcrumb\"},\"inLanguage\":\"fr-FR\",\"potentialAction\":[{\"@type\":\"ReadAction\",\"target\":[\"https:\\\/\\\/oasis.bio\\\/index.php\\\/compostage\\\/\"]}]},{\"@type\":\"ImageObject\",\"inLanguage\":\"fr-FR\",\"@id\":\"https:\\\/\\\/oasis.bio\\\/index.php\\\/compostage\\\/#primaryimage\",\"url\":\"https:\\\/\\\/i0.wp.com\\\/oasis.bio\\\/wp-content\\\/uploads\\\/2025\\\/01\\\/IMG_3078-scaled.jpg?fit=1920%2C2560&ssl=1\",\"contentUrl\":\"https:\\\/\\\/i0.wp.com\\\/oasis.bio\\\/wp-content\\\/uploads\\\/2025\\\/01\\\/IMG_3078-scaled.jpg?fit=1920%2C2560&ssl=1\",\"width\":1920,\"height\":2560},{\"@type\":\"BreadcrumbList\",\"@id\":\"https:\\\/\\\/oasis.bio\\\/index.php\\\/compostage\\\/#breadcrumb\",\"itemListElement\":[{\"@type\":\"ListItem\",\"position\":1,\"name\":\"Accueil\",\"item\":\"https:\\\/\\\/oasis.bio\\\/\"},{\"@type\":\"ListItem\",\"position\":2,\"name\":\"COMPOSTAGE\"}]},{\"@type\":\"WebSite\",\"@id\":\"https:\\\/\\\/oasis.bio\\\/#website\",\"url\":\"https:\\\/\\\/oasis.bio\\\/\",\"name\":\"Oasis Jardin de Cocagne\",\"description\":\"\",\"publisher\":{\"@id\":\"https:\\\/\\\/oasis.bio\\\/#organization\"},\"potentialAction\":[{\"@type\":\"SearchAction\",\"target\":{\"@type\":\"EntryPoint\",\"urlTemplate\":\"https:\\\/\\\/oasis.bio\\\/?s={search_term_string}\"},\"query-input\":{\"@type\":\"PropertyValueSpecification\",\"valueRequired\":true,\"valueName\":\"search_term_string\"}}],\"inLanguage\":\"fr-FR\"},{\"@type\":\"Organization\",\"@id\":\"https:\\\/\\\/oasis.bio\\\/#organization\",\"name\":\"Oasis Jardin de Cocagne\",\"url\":\"https:\\\/\\\/oasis.bio\\\/\",\"logo\":{\"@type\":\"ImageObject\",\"inLanguage\":\"fr-FR\",\"@id\":\"https:\\\/\\\/oasis.bio\\\/#\\\/schema\\\/logo\\\/image\\\/\",\"url\":\"https:\\\/\\\/i0.wp.com\\\/oasis.bio\\\/wp-content\\\/uploads\\\/2024\\\/02\\\/oasis-logo-2024-indd-scaled.jpg?fit=2560%2C931&ssl=1\",\"contentUrl\":\"https:\\\/\\\/i0.wp.com\\\/oasis.bio\\\/wp-content\\\/uploads\\\/2024\\\/02\\\/oasis-logo-2024-indd-scaled.jpg?fit=2560%2C931&ssl=1\",\"width\":2560,\"height\":931,\"caption\":\"Oasis Jardin de Cocagne\"},\"image\":{\"@id\":\"https:\\\/\\\/oasis.bio\\\/#\\\/schema\\\/logo\\\/image\\\/\"},\"sameAs\":[\"https:\\\/\\\/www.facebook.com\\\/oasis.jardindecocagne\\\/?locale=fr_FR\",\"https:\\\/\\\/www.linkedin.com\\\/company\\\/oasis-jardin-de-cocagne\\\/\"]}]}<\/script>\n<!-- \/ Yoast SEO plugin. -->","yoast_head_json":{"title":"COMPOSTAGE - Oasis Jardin de Cocagne","robots":{"index":"index","follow":"follow","max-snippet":"max-snippet:-1","max-image-preview":"max-image-preview:large","max-video-preview":"max-video-preview:-1"},"canonical":"https:\/\/oasis.bio\/index.php\/compostage\/","og_locale":"fr_FR","og_type":"article","og_title":"COMPOSTAGE - Oasis Jardin de Cocagne","og_description":"COMPOSTAGE &nbsp; &nbsp; &nbsp;Ensemble revalorisons nos&nbsp; &nbsp; &nbsp; &nbsp; &nbsp; &nbsp; &nbsp; &nbsp; &nbsp; &nbsp; &nbsp; &nbsp; &nbsp; &nbsp; &nbsp; &nbsp; &nbsp; &nbsp; &nbsp; &nbsp; &nbsp; &nbsp; &nbsp; &nbsp; &nbsp; &nbsp; &nbsp; &nbsp; &nbsp; &nbsp; &nbsp; biod\u00e9chets ! Suivi et entretien des points de compostages partag\u00e9s aux alentours de Saint-Just-Saint Rambert Suivi et entretien des [&hellip;]","og_url":"https:\/\/oasis.bio\/index.php\/compostage\/","og_site_name":"Oasis Jardin de Cocagne","article_publisher":"https:\/\/www.facebook.com\/oasis.jardindecocagne\/?locale=fr_FR","article_modified_time":"2025-02-17T07:48:56+00:00","og_image":[{"url":"https:\/\/oasis.bio\/wp-content\/uploads\/2025\/01\/IMG_3078-225x300.jpg","type":"","width":"","height":""}],"twitter_card":"summary_large_image","twitter_misc":{"Dur\u00e9e de lecture estim\u00e9e":"1 minute"},"schema":{"@context":"https:\/\/schema.org","@graph":[{"@type":"WebPage","@id":"https:\/\/oasis.bio\/index.php\/compostage\/","url":"https:\/\/oasis.bio\/index.php\/compostage\/","name":"COMPOSTAGE - Oasis Jardin de Cocagne","isPartOf":{"@id":"https:\/\/oasis.bio\/#website"},"primaryImageOfPage":{"@id":"https:\/\/oasis.bio\/index.php\/compostage\/#primaryimage"},"image":{"@id":"https:\/\/oasis.bio\/index.php\/compostage\/#primaryimage"},"thumbnailUrl":"https:\/\/oasis.bio\/wp-content\/uploads\/2025\/01\/IMG_3078-225x300.jpg","datePublished":"2023-07-24T13:22:50+00:00","dateModified":"2025-02-17T07:48:56+00:00","breadcrumb":{"@id":"https:\/\/oasis.bio\/index.php\/compostage\/#breadcrumb"},"inLanguage":"fr-FR","potentialAction":[{"@type":"ReadAction","target":["https:\/\/oasis.bio\/index.php\/compostage\/"]}]},{"@type":"ImageObject","inLanguage":"fr-FR","@id":"https:\/\/oasis.bio\/index.php\/compostage\/#primaryimage","url":"https:\/\/i0.wp.com\/oasis.bio\/wp-content\/uploads\/2025\/01\/IMG_3078-scaled.jpg?fit=1920%2C2560&ssl=1","contentUrl":"https:\/\/i0.wp.com\/oasis.bio\/wp-content\/uploads\/2025\/01\/IMG_3078-scaled.jpg?fit=1920%2C2560&ssl=1","width":1920,"height":2560},{"@type":"BreadcrumbList","@id":"https:\/\/oasis.bio\/index.php\/compostage\/#breadcrumb","itemListElement":[{"@type":"ListItem","position":1,"name":"Accueil","item":"https:\/\/oasis.bio\/"},{"@type":"ListItem","position":2,"name":"COMPOSTAGE"}]},{"@type":"WebSite","@id":"https:\/\/oasis.bio\/#website","url":"https:\/\/oasis.bio\/","name":"Oasis Jardin de Cocagne","description":"","publisher":{"@id":"https:\/\/oasis.bio\/#organization"},"potentialAction":[{"@type":"SearchAction","target":{"@type":"EntryPoint","urlTemplate":"https:\/\/oasis.bio\/?s={search_term_string}"},"query-input":{"@type":"PropertyValueSpecification","valueRequired":true,"valueName":"search_term_string"}}],"inLanguage":"fr-FR"},{"@type":"Organization","@id":"https:\/\/oasis.bio\/#organization","name":"Oasis Jardin de Cocagne","url":"https:\/\/oasis.bio\/","logo":{"@type":"ImageObject","inLanguage":"fr-FR","@id":"https:\/\/oasis.bio\/#\/schema\/logo\/image\/","url":"https:\/\/i0.wp.com\/oasis.bio\/wp-content\/uploads\/2024\/02\/oasis-logo-2024-indd-scaled.jpg?fit=2560%2C931&ssl=1","contentUrl":"https:\/\/i0.wp.com\/oasis.bio\/wp-content\/uploads\/2024\/02\/oasis-logo-2024-indd-scaled.jpg?fit=2560%2C931&ssl=1","width":2560,"height":931,"caption":"Oasis Jardin de Cocagne"},"image":{"@id":"https:\/\/oasis.bio\/#\/schema\/logo\/image\/"},"sameAs":["https:\/\/www.facebook.com\/oasis.jardindecocagne\/?locale=fr_FR","https:\/\/www.linkedin.com\/company\/oasis-jardin-de-cocagne\/"]}]}},"jetpack_sharing_enabled":true,"_links":{"self":[{"href":"https:\/\/oasis.bio\/index.php\/wp-json\/wp\/v2\/pages\/6025","targetHints":{"allow":["GET"]}}],"collection":[{"href":"https:\/\/oasis.bio\/index.php\/wp-json\/wp\/v2\/pages"}],"about":[{"href":"https:\/\/oasis.bio\/index.php\/wp-json\/wp\/v2\/types\/page"}],"author":[{"embeddable":true,"href":"https:\/\/oasis.bio\/index.php\/wp-json\/wp\/v2\/users\/4"}],"replies":[{"embeddable":true,"href":"https:\/\/oasis.bio\/index.php\/wp-json\/wp\/v2\/comments?post=6025"}],"version-history":[{"count":349,"href":"https:\/\/oasis.bio\/index.php\/wp-json\/wp\/v2\/pages\/6025\/revisions"}],"predecessor-version":[{"id":11145,"href":"https:\/\/oasis.bio\/index.php\/wp-json\/wp\/v2\/pages\/6025\/revisions\/11145"}],"wp:attachment":[{"href":"https:\/\/oasis.bio\/index.php\/wp-json\/wp\/v2\/media?parent=6025"}],"wp:term":[{"taxonomy":"folder","embeddable":true,"href":"https:\/\/oasis.bio\/index.php\/wp-json\/wp\/v2\/folder?post=6025"}],"curies":[{"name":"wp","href":"https:\/\/api.w.org\/{rel}","templated":true}]}}