{"id":5804,"date":"2023-07-24T09:50:10","date_gmt":"2023-07-24T07:50:10","guid":{"rendered":"http:\/\/oasis.bio\/?page_id=5804"},"modified":"2024-05-27T13:52:09","modified_gmt":"2024-05-27T11:52:09","slug":"mentions-legales","status":"publish","type":"page","link":"https:\/\/oasis.bio\/index.php\/mentions-legales\/","title":{"rendered":"Mentions l\u00e9gales"},"content":{"rendered":"\t\t<div data-elementor-type=\"wp-page\" data-elementor-id=\"5804\" class=\"elementor elementor-5804\">\n\t\t\t\t\t\t<section class=\"elementor-section elementor-top-section elementor-element elementor-element-817ff4c elementor-section-boxed elementor-section-height-default elementor-section-height-default\" data-id=\"817ff4c\" data-element_type=\"section\" data-e-type=\"section\" data-settings=\"{&quot;background_background&quot;:&quot;gradient&quot;}\">\n\t\t\t\t\t\t\t<div class=\"elementor-background-overlay\"><\/div>\n\t\t\t\t\t\t\t<div class=\"elementor-container elementor-column-gap-no\">\n\t\t\t\t\t<div class=\"elementor-column elementor-col-100 elementor-top-column elementor-element elementor-element-42d1469\" data-id=\"42d1469\" data-element_type=\"column\" data-e-type=\"column\">\n\t\t\t<div class=\"elementor-widget-wrap elementor-element-populated\">\n\t\t\t\t\t\t<div class=\"elementor-element elementor-element-62eb43d elementor-widget elementor-widget-heading\" data-id=\"62eb43d\" data-element_type=\"widget\" data-e-type=\"widget\" data-widget_type=\"heading.default\">\n\t\t\t\t<div class=\"elementor-widget-container\">\n\t\t\t\t\t<h3 class=\"elementor-heading-title elementor-size-default\">Mentions l\u00e9gales sur la protection des donn\u00e9es<\/h3>\t\t\t\t<\/div>\n\t\t\t\t<\/div>\n\t\t\t\t<div class=\"elementor-element elementor-element-b0ab3b3 elementor-widget-divider--view-line elementor-widget elementor-widget-divider\" data-id=\"b0ab3b3\" data-element_type=\"widget\" data-e-type=\"widget\" data-widget_type=\"divider.default\">\n\t\t\t\t<div class=\"elementor-widget-container\">\n\t\t\t\t\t\t\t<div class=\"elementor-divider\">\n\t\t\t<span class=\"elementor-divider-separator\">\n\t\t\t\t\t\t<\/span>\n\t\t<\/div>\n\t\t\t\t\t\t<\/div>\n\t\t\t\t<\/div>\n\t\t\t\t<div class=\"elementor-element elementor-element-891a68a elementor-widget elementor-widget-text-editor\" data-id=\"891a68a\" data-element_type=\"widget\" data-e-type=\"widget\" data-widget_type=\"text-editor.default\">\n\t\t\t\t<div class=\"elementor-widget-container\">\n\t\t\t\t\t\t\t\t\t<p>OASIS exerce ses activit\u00e9s de mani\u00e8re \u00e9thique, honn\u00eate et en pleine conformit\u00e9 avec la loi. Nous croyons que notre conduite est aussi essentielle au succ\u00e8s d&rsquo;OASIS que la culture des meilleurs produits.<\/p>\t\t\t\t\t\t\t\t<\/div>\n\t\t\t\t<\/div>\n\t\t\t\t<section class=\"elementor-section elementor-inner-section elementor-element elementor-element-36c90e1 elementor-section-boxed elementor-section-height-default elementor-section-height-default\" data-id=\"36c90e1\" data-element_type=\"section\" data-e-type=\"section\">\n\t\t\t\t\t\t<div class=\"elementor-container elementor-column-gap-default\">\n\t\t\t\t\t<div class=\"elementor-column elementor-col-50 elementor-inner-column elementor-element elementor-element-df10787\" data-id=\"df10787\" data-element_type=\"column\" data-e-type=\"column\">\n\t\t\t<div class=\"elementor-widget-wrap elementor-element-populated\">\n\t\t\t\t\t\t<div class=\"elementor-element elementor-element-dee6546 elementor-widget elementor-widget-heading\" data-id=\"dee6546\" data-element_type=\"widget\" data-e-type=\"widget\" data-widget_type=\"heading.default\">\n\t\t\t\t<div class=\"elementor-widget-container\">\n\t\t\t\t\t<h3 class=\"elementor-heading-title elementor-size-default\">Mentions l\u00e9gales sur la protection des donn\u00e9es<\/h3>\t\t\t\t<\/div>\n\t\t\t\t<\/div>\n\t\t\t\t<div class=\"elementor-element elementor-element-6be8d88 elementor-widget elementor-widget-text-editor\" data-id=\"6be8d88\" data-element_type=\"widget\" data-e-type=\"widget\" data-widget_type=\"text-editor.default\">\n\t\t\t\t<div class=\"elementor-widget-container\">\n\t\t\t\t\t\t\t\t\t<p><!-- \/wp:heading --><\/p>\n<p><!-- wp:list --><\/p>\n<p>Conform\u00e9ment \u00e0 l\u2019article 32 de la loi Informatique et Libert\u00e9s et du r\u00e8glement g\u00e9n\u00e9ral sur la protection des donn\u00e9es (RGPD) du 25\/05\/2018, l\u2019adh\u00e9rent est inform\u00e9 que l\u2019association collecte ses donn\u00e9es personnelles renseign\u00e9es dans le bulletin d\u2019adh\u00e9sion dans le cadre de son contrat d\u2019adh\u00e9sion avec l\u2019association OASIS. Les donn\u00e9es personnelles de chaque adh\u00e9rent sont utilis\u00e9es uniquement \u00e0 des fins de gestion associative (versement de la cotisation, informations diverses\u2026), mais \u00e9galement \u00e0 des fins statistiques non nominatives. Ces donn\u00e9es ne seront ni c\u00e9d\u00e9es, ni vendues \u00e0 des tierces personnes. Les donn\u00e9es personnelles de l\u2019adh\u00e9rent sont conserv\u00e9es pendant la dur\u00e9e d\u2019adh\u00e9sion. Chaque adh\u00e9rent est inform\u00e9 qu\u2019il a un droit d\u2019acc\u00e8s, de rectification, d\u2019effacement et de portabilit\u00e9 qu\u2019il peut exercer sur ses donn\u00e9es personnelles.<\/p>\t\t\t\t\t\t\t\t<\/div>\n\t\t\t\t<\/div>\n\t\t\t\t\t<\/div>\n\t\t<\/div>\n\t\t\t\t<div class=\"elementor-column elementor-col-50 elementor-inner-column elementor-element elementor-element-bdbc927\" data-id=\"bdbc927\" data-element_type=\"column\" data-e-type=\"column\">\n\t\t\t<div class=\"elementor-widget-wrap elementor-element-populated\">\n\t\t\t\t\t\t<div class=\"elementor-element elementor-element-670f40c elementor-widget elementor-widget-heading\" data-id=\"670f40c\" data-element_type=\"widget\" data-e-type=\"widget\" data-widget_type=\"heading.default\">\n\t\t\t\t<div class=\"elementor-widget-container\">\n\t\t\t\t\t<h3 class=\"elementor-heading-title elementor-size-default\">\u00c9thique et conformit\u00e9<\/h3>\t\t\t\t<\/div>\n\t\t\t\t<\/div>\n\t\t\t\t<div class=\"elementor-element elementor-element-d64c12a e-transform e-transform elementor-widget elementor-widget-text-editor\" data-id=\"d64c12a\" data-element_type=\"widget\" data-e-type=\"widget\" data-settings=\"{&quot;_transform_scaleX_effect&quot;:{&quot;unit&quot;:&quot;px&quot;,&quot;size&quot;:0.8,&quot;sizes&quot;:[]},&quot;_transform_scaleY_effect&quot;:{&quot;unit&quot;:&quot;px&quot;,&quot;size&quot;:0.8,&quot;sizes&quot;:[]},&quot;_transform_translateX_effect&quot;:{&quot;unit&quot;:&quot;px&quot;,&quot;size&quot;:&quot;&quot;,&quot;sizes&quot;:[]},&quot;_transform_translateX_effect_tablet&quot;:{&quot;unit&quot;:&quot;px&quot;,&quot;size&quot;:&quot;&quot;,&quot;sizes&quot;:[]},&quot;_transform_translateX_effect_mobile&quot;:{&quot;unit&quot;:&quot;px&quot;,&quot;size&quot;:&quot;&quot;,&quot;sizes&quot;:[]},&quot;_transform_translateY_effect&quot;:{&quot;unit&quot;:&quot;px&quot;,&quot;size&quot;:&quot;&quot;,&quot;sizes&quot;:[]},&quot;_transform_translateY_effect_tablet&quot;:{&quot;unit&quot;:&quot;px&quot;,&quot;size&quot;:&quot;&quot;,&quot;sizes&quot;:[]},&quot;_transform_translateY_effect_mobile&quot;:{&quot;unit&quot;:&quot;px&quot;,&quot;size&quot;:&quot;&quot;,&quot;sizes&quot;:[]},&quot;_transform_scaleX_effect_tablet&quot;:{&quot;unit&quot;:&quot;px&quot;,&quot;size&quot;:&quot;&quot;,&quot;sizes&quot;:[]},&quot;_transform_scaleX_effect_mobile&quot;:{&quot;unit&quot;:&quot;px&quot;,&quot;size&quot;:&quot;&quot;,&quot;sizes&quot;:[]},&quot;_transform_scaleY_effect_tablet&quot;:{&quot;unit&quot;:&quot;px&quot;,&quot;size&quot;:&quot;&quot;,&quot;sizes&quot;:[]},&quot;_transform_scaleY_effect_mobile&quot;:{&quot;unit&quot;:&quot;px&quot;,&quot;size&quot;:&quot;&quot;,&quot;sizes&quot;:[]}}\" data-widget_type=\"text-editor.default\">\n\t\t\t\t<div class=\"elementor-widget-container\">\n\t\t\t\t\t\t\t\t\t<p><strong>OASIS Jardin de Cocagne exerce ses activit\u00e9s de fa\u00e7on \u00e9thique, int\u00e8gre et en conformit\u00e9 totale avec la loi.<\/strong><\/p>\t\t\t\t\t\t\t\t<\/div>\n\t\t\t\t<\/div>\n\t\t\t\t\t<\/div>\n\t\t<\/div>\n\t\t\t\t\t<\/div>\n\t\t<\/section>\n\t\t\t\t\t<\/div>\n\t\t<\/div>\n\t\t\t\t\t<\/div>\n\t\t<\/section>\n\t\t\t\t<\/div>\n\t\t","protected":false},"excerpt":{"rendered":"<p>Mentions l\u00e9gales sur la protection des donn\u00e9es OASIS exerce ses activit\u00e9s de mani\u00e8re \u00e9thique, honn\u00eate et en pleine conformit\u00e9 avec la loi. Nous croyons que notre conduite est aussi essentielle au succ\u00e8s d&rsquo;OASIS que la culture des meilleurs produits. Mentions l\u00e9gales sur la protection des donn\u00e9es Conform\u00e9ment \u00e0 l\u2019article 32 de la loi Informatique et [&hellip;]<\/p>\n","protected":false},"author":4,"featured_media":0,"parent":0,"menu_order":0,"comment_status":"closed","ping_status":"closed","template":"","meta":{"site-sidebar-layout":"no-sidebar","site-content-layout":"page-builder","ast-site-content-layout":"full-width-container","site-content-style":"unboxed","site-sidebar-style":"unboxed","ast-global-header-display":"","ast-banner-title-visibility":"","ast-main-header-display":"","ast-hfb-above-header-display":"","ast-hfb-below-header-display":"","ast-hfb-mobile-header-display":"","site-post-title":"disabled","ast-breadcrumbs-content":"","ast-featured-img":"disabled","footer-sml-layout":"","ast-disable-related-posts":"","theme-transparent-header-meta":"","adv-header-id-meta":"","stick-header-meta":"","header-above-stick-meta":"","header-main-stick-meta":"","header-below-stick-meta":"","astra-migrate-meta-layouts":"set","ast-page-background-enabled":"default","ast-page-background-meta":{"desktop":{"background-color":"var(--ast-global-color-4)","background-image":"","background-repeat":"repeat","background-position":"center center","background-size":"auto","background-attachment":"scroll","background-type":"","background-media":"","overlay-type":"","overlay-color":"","overlay-opacity":"","overlay-gradient":""},"tablet":{"background-color":"","background-image":"","background-repeat":"repeat","background-position":"center center","background-size":"auto","background-attachment":"scroll","background-type":"","background-media":"","overlay-type":"","overlay-color":"","overlay-opacity":"","overlay-gradient":""},"mobile":{"background-color":"","background-image":"","background-repeat":"repeat","background-position":"center center","background-size":"auto","background-attachment":"scroll","background-type":"","background-media":"","overlay-type":"","overlay-color":"","overlay-opacity":"","overlay-gradient":""}},"ast-content-background-meta":{"desktop":{"background-color":"var(--ast-global-color-5)","background-image":"","background-repeat":"repeat","background-position":"center center","background-size":"auto","background-attachment":"scroll","background-type":"","background-media":"","overlay-type":"","overlay-color":"","overlay-opacity":"","overlay-gradient":""},"tablet":{"background-color":"var(--ast-global-color-5)","background-image":"","background-repeat":"repeat","background-position":"center center","background-size":"auto","background-attachment":"scroll","background-type":"","background-media":"","overlay-type":"","overlay-color":"","overlay-opacity":"","overlay-gradient":""},"mobile":{"background-color":"var(--ast-global-color-5)","background-image":"","background-repeat":"repeat","background-position":"center center","background-size":"auto","background-attachment":"scroll","background-type":"","background-media":"","overlay-type":"","overlay-color":"","overlay-opacity":"","overlay-gradient":""}},"footnotes":""},"folder":[],"class_list":["post-5804","page","type-page","status-publish","hentry"],"yoast_head":"<!-- This site is optimized with the Yoast SEO plugin v27.4 - https:\/\/yoast.com\/product\/yoast-seo-wordpress\/ -->\n<title>Mentions l\u00e9gales - Oasis Jardin de Cocagne<\/title>\n<meta name=\"description\" content=\"Mentions l\u00e9gales d&#039;OASIS Jardin de Cocagne : utilisation des donn\u00e9es, RGPD, ... N&#039;h\u00e9sitez pas \u00e0 nous solliciter pour plus de renseignements.\" \/>\n<meta name=\"robots\" content=\"index, follow, max-snippet:-1, max-image-preview:large, max-video-preview:-1\" \/>\n<link rel=\"canonical\" href=\"https:\/\/oasis.bio\/index.php\/mentions-legales\/\" \/>\n<meta property=\"og:locale\" content=\"fr_FR\" \/>\n<meta property=\"og:type\" content=\"article\" \/>\n<meta property=\"og:title\" content=\"Mentions l\u00e9gales - Oasis Jardin de Cocagne\" \/>\n<meta property=\"og:description\" content=\"Mentions l\u00e9gales d&#039;OASIS Jardin de Cocagne : utilisation des donn\u00e9es, RGPD, ... N&#039;h\u00e9sitez pas \u00e0 nous solliciter pour plus de renseignements.\" \/>\n<meta property=\"og:url\" content=\"https:\/\/oasis.bio\/index.php\/mentions-legales\/\" \/>\n<meta property=\"og:site_name\" content=\"Oasis Jardin de Cocagne\" \/>\n<meta property=\"article:publisher\" content=\"https:\/\/www.facebook.com\/oasis.jardindecocagne\/?locale=fr_FR\" \/>\n<meta property=\"article:modified_time\" content=\"2024-05-27T11:52:09+00:00\" \/>\n<meta name=\"twitter:card\" content=\"summary_large_image\" \/>\n<meta name=\"twitter:label1\" content=\"Dur\u00e9e de lecture estim\u00e9e\" \/>\n\t<meta name=\"twitter:data1\" content=\"1 minute\" \/>\n<script type=\"application\/ld+json\" class=\"yoast-schema-graph\">{\"@context\":\"https:\\\/\\\/schema.org\",\"@graph\":[{\"@type\":\"WebPage\",\"@id\":\"https:\\\/\\\/oasis.bio\\\/index.php\\\/mentions-legales\\\/\",\"url\":\"https:\\\/\\\/oasis.bio\\\/index.php\\\/mentions-legales\\\/\",\"name\":\"Mentions l\u00e9gales - Oasis Jardin de Cocagne\",\"isPartOf\":{\"@id\":\"https:\\\/\\\/oasis.bio\\\/#website\"},\"datePublished\":\"2023-07-24T07:50:10+00:00\",\"dateModified\":\"2024-05-27T11:52:09+00:00\",\"description\":\"Mentions l\u00e9gales d'OASIS Jardin de Cocagne : utilisation des donn\u00e9es, RGPD, ... N'h\u00e9sitez pas \u00e0 nous solliciter pour plus de renseignements.\",\"breadcrumb\":{\"@id\":\"https:\\\/\\\/oasis.bio\\\/index.php\\\/mentions-legales\\\/#breadcrumb\"},\"inLanguage\":\"fr-FR\",\"potentialAction\":[{\"@type\":\"ReadAction\",\"target\":[\"https:\\\/\\\/oasis.bio\\\/index.php\\\/mentions-legales\\\/\"]}]},{\"@type\":\"BreadcrumbList\",\"@id\":\"https:\\\/\\\/oasis.bio\\\/index.php\\\/mentions-legales\\\/#breadcrumb\",\"itemListElement\":[{\"@type\":\"ListItem\",\"position\":1,\"name\":\"Accueil\",\"item\":\"https:\\\/\\\/oasis.bio\\\/\"},{\"@type\":\"ListItem\",\"position\":2,\"name\":\"Mentions l\u00e9gales\"}]},{\"@type\":\"WebSite\",\"@id\":\"https:\\\/\\\/oasis.bio\\\/#website\",\"url\":\"https:\\\/\\\/oasis.bio\\\/\",\"name\":\"Oasis Jardin de Cocagne\",\"description\":\"\",\"publisher\":{\"@id\":\"https:\\\/\\\/oasis.bio\\\/#organization\"},\"potentialAction\":[{\"@type\":\"SearchAction\",\"target\":{\"@type\":\"EntryPoint\",\"urlTemplate\":\"https:\\\/\\\/oasis.bio\\\/?s={search_term_string}\"},\"query-input\":{\"@type\":\"PropertyValueSpecification\",\"valueRequired\":true,\"valueName\":\"search_term_string\"}}],\"inLanguage\":\"fr-FR\"},{\"@type\":\"Organization\",\"@id\":\"https:\\\/\\\/oasis.bio\\\/#organization\",\"name\":\"Oasis Jardin de Cocagne\",\"url\":\"https:\\\/\\\/oasis.bio\\\/\",\"logo\":{\"@type\":\"ImageObject\",\"inLanguage\":\"fr-FR\",\"@id\":\"https:\\\/\\\/oasis.bio\\\/#\\\/schema\\\/logo\\\/image\\\/\",\"url\":\"https:\\\/\\\/i0.wp.com\\\/oasis.bio\\\/wp-content\\\/uploads\\\/2024\\\/02\\\/oasis-logo-2024-indd-scaled.jpg?fit=2560%2C931&ssl=1\",\"contentUrl\":\"https:\\\/\\\/i0.wp.com\\\/oasis.bio\\\/wp-content\\\/uploads\\\/2024\\\/02\\\/oasis-logo-2024-indd-scaled.jpg?fit=2560%2C931&ssl=1\",\"width\":2560,\"height\":931,\"caption\":\"Oasis Jardin de Cocagne\"},\"image\":{\"@id\":\"https:\\\/\\\/oasis.bio\\\/#\\\/schema\\\/logo\\\/image\\\/\"},\"sameAs\":[\"https:\\\/\\\/www.facebook.com\\\/oasis.jardindecocagne\\\/?locale=fr_FR\",\"https:\\\/\\\/www.linkedin.com\\\/company\\\/oasis-jardin-de-cocagne\\\/\"]}]}<\/script>\n<!-- \/ Yoast SEO plugin. -->","yoast_head_json":{"title":"Mentions l\u00e9gales - Oasis Jardin de Cocagne","description":"Mentions l\u00e9gales d'OASIS Jardin de Cocagne : utilisation des donn\u00e9es, RGPD, ... N'h\u00e9sitez pas \u00e0 nous solliciter pour plus de renseignements.","robots":{"index":"index","follow":"follow","max-snippet":"max-snippet:-1","max-image-preview":"max-image-preview:large","max-video-preview":"max-video-preview:-1"},"canonical":"https:\/\/oasis.bio\/index.php\/mentions-legales\/","og_locale":"fr_FR","og_type":"article","og_title":"Mentions l\u00e9gales - Oasis Jardin de Cocagne","og_description":"Mentions l\u00e9gales d'OASIS Jardin de Cocagne : utilisation des donn\u00e9es, RGPD, ... N'h\u00e9sitez pas \u00e0 nous solliciter pour plus de renseignements.","og_url":"https:\/\/oasis.bio\/index.php\/mentions-legales\/","og_site_name":"Oasis Jardin de Cocagne","article_publisher":"https:\/\/www.facebook.com\/oasis.jardindecocagne\/?locale=fr_FR","article_modified_time":"2024-05-27T11:52:09+00:00","twitter_card":"summary_large_image","twitter_misc":{"Dur\u00e9e de lecture estim\u00e9e":"1 minute"},"schema":{"@context":"https:\/\/schema.org","@graph":[{"@type":"WebPage","@id":"https:\/\/oasis.bio\/index.php\/mentions-legales\/","url":"https:\/\/oasis.bio\/index.php\/mentions-legales\/","name":"Mentions l\u00e9gales - Oasis Jardin de Cocagne","isPartOf":{"@id":"https:\/\/oasis.bio\/#website"},"datePublished":"2023-07-24T07:50:10+00:00","dateModified":"2024-05-27T11:52:09+00:00","description":"Mentions l\u00e9gales d'OASIS Jardin de Cocagne : utilisation des donn\u00e9es, RGPD, ... N'h\u00e9sitez pas \u00e0 nous solliciter pour plus de renseignements.","breadcrumb":{"@id":"https:\/\/oasis.bio\/index.php\/mentions-legales\/#breadcrumb"},"inLanguage":"fr-FR","potentialAction":[{"@type":"ReadAction","target":["https:\/\/oasis.bio\/index.php\/mentions-legales\/"]}]},{"@type":"BreadcrumbList","@id":"https:\/\/oasis.bio\/index.php\/mentions-legales\/#breadcrumb","itemListElement":[{"@type":"ListItem","position":1,"name":"Accueil","item":"https:\/\/oasis.bio\/"},{"@type":"ListItem","position":2,"name":"Mentions l\u00e9gales"}]},{"@type":"WebSite","@id":"https:\/\/oasis.bio\/#website","url":"https:\/\/oasis.bio\/","name":"Oasis Jardin de Cocagne","description":"","publisher":{"@id":"https:\/\/oasis.bio\/#organization"},"potentialAction":[{"@type":"SearchAction","target":{"@type":"EntryPoint","urlTemplate":"https:\/\/oasis.bio\/?s={search_term_string}"},"query-input":{"@type":"PropertyValueSpecification","valueRequired":true,"valueName":"search_term_string"}}],"inLanguage":"fr-FR"},{"@type":"Organization","@id":"https:\/\/oasis.bio\/#organization","name":"Oasis Jardin de Cocagne","url":"https:\/\/oasis.bio\/","logo":{"@type":"ImageObject","inLanguage":"fr-FR","@id":"https:\/\/oasis.bio\/#\/schema\/logo\/image\/","url":"https:\/\/i0.wp.com\/oasis.bio\/wp-content\/uploads\/2024\/02\/oasis-logo-2024-indd-scaled.jpg?fit=2560%2C931&ssl=1","contentUrl":"https:\/\/i0.wp.com\/oasis.bio\/wp-content\/uploads\/2024\/02\/oasis-logo-2024-indd-scaled.jpg?fit=2560%2C931&ssl=1","width":2560,"height":931,"caption":"Oasis Jardin de Cocagne"},"image":{"@id":"https:\/\/oasis.bio\/#\/schema\/logo\/image\/"},"sameAs":["https:\/\/www.facebook.com\/oasis.jardindecocagne\/?locale=fr_FR","https:\/\/www.linkedin.com\/company\/oasis-jardin-de-cocagne\/"]}]}},"jetpack_sharing_enabled":true,"_links":{"self":[{"href":"https:\/\/oasis.bio\/index.php\/wp-json\/wp\/v2\/pages\/5804","targetHints":{"allow":["GET"]}}],"collection":[{"href":"https:\/\/oasis.bio\/index.php\/wp-json\/wp\/v2\/pages"}],"about":[{"href":"https:\/\/oasis.bio\/index.php\/wp-json\/wp\/v2\/types\/page"}],"author":[{"embeddable":true,"href":"https:\/\/oasis.bio\/index.php\/wp-json\/wp\/v2\/users\/4"}],"replies":[{"embeddable":true,"href":"https:\/\/oasis.bio\/index.php\/wp-json\/wp\/v2\/comments?post=5804"}],"version-history":[{"count":106,"href":"https:\/\/oasis.bio\/index.php\/wp-json\/wp\/v2\/pages\/5804\/revisions"}],"predecessor-version":[{"id":10086,"href":"https:\/\/oasis.bio\/index.php\/wp-json\/wp\/v2\/pages\/5804\/revisions\/10086"}],"wp:attachment":[{"href":"https:\/\/oasis.bio\/index.php\/wp-json\/wp\/v2\/media?parent=5804"}],"wp:term":[{"taxonomy":"folder","embeddable":true,"href":"https:\/\/oasis.bio\/index.php\/wp-json\/wp\/v2\/folder?post=5804"}],"curies":[{"name":"wp","href":"https:\/\/api.w.org\/{rel}","templated":true}]}}